{"id":1906,"date":"2024-12-09T15:35:07","date_gmt":"2024-12-09T14:35:07","guid":{"rendered":"https:\/\/sacatou.fr\/?page_id=1906"},"modified":"2024-12-09T15:35:07","modified_gmt":"2024-12-09T14:35:07","slug":"cgv","status":"publish","type":"page","link":"https:\/\/sacatou.fr\/gr\/cgv\/","title":{"rendered":"CGV"},"content":{"rendered":"<section class=\"wpb-content-wrapper\"><p>[vc_row][vc_column][vc_empty_space height=&#8221;60px&#8221;][\/vc_column][\/vc_row][vc_row][vc_column][vc_custom_heading text=&#8221;CGV&#8221; font_container=&#8221;tag:h4|text_align:center|color:%23cf810c&#8221; google_fonts=&#8221;font_family:Playfair%20Display%3Aregular%2Citalic%2C700%2C700italic%2C900%2C900italic|font_style:400%20regular%3A400%3Anormal&#8221;][vc_empty_space height=&#8221;40px&#8221;][\/vc_column][\/vc_row][vc_row][vc_column][vc_empty_space height=&#8221;30px&#8221;][vc_separator color=&#8221;custom&#8221; el_width=&#8221;50&#8243; css_animation=&#8221;fadeInRightBig&#8221; accent_color=&#8221;#dd9933&#8243;][vc_empty_space height=&#8221;30px&#8221;][\/vc_column][\/vc_row][vc_row][vc_column][vc_column_text]<\/p>\n<p class=\"p1\"><span class=\"s1\">GENERALITES<\/span><\/p>\n<p class=\"p2\"><span class=\"s1\">Sacatou<\/span><\/p>\n<p class=\"p1\"><span class=\"s1\">Siret :<\/span><span class=\"apple-converted-space\">\u00a0792965014<\/span><\/p>\n<p class=\"p1\"><span class=\"s1\">TVA :<\/span><span class=\"apple-converted-space\">\u00a0FR 25592965014<\/span><\/p>\n<p class=\"p1\"><span class=\"s1\">Code APE :<\/span><span class=\"apple-converted-space\">\u00a015.12Z<\/span><\/p>\n<p class=\"p1\"><span class=\"s1\">Pour toute assistance, merci de nous contacter: ARVANITIS ANGELIKI<\/span><\/p>\n<p class=\"p3\"><span class=\"s1\">T\u00e9l:\u00a00033 676314398<\/span><\/p>\n<p class=\"p1\"><span class=\"s1\">DISPOSITIONS GENERALES<\/span><\/p>\n<p class=\"p1\"><span class=\"s1\">Les pr\u00e9sentes conditions g\u00e9n\u00e9rales de vente s&#8217;appliquent de mani\u00e8re exclusive \u00e0 toute personne physique ou morale effectuant un achat par le biais du site sacatou.fr\/boutique<\/span><\/p>\n<p class=\"p1\"><span class=\"s1\">Les pr\u00e9sentes conditions g\u00e9n\u00e9rales de vente sont express\u00e9ment accept\u00e9es \u00e0 tous les produits vendus sur sacatou.fr\/boutique sans r\u00e9serve par le client qui reconna\u00eet en avoir pris connaissance pr\u00e9alablement \u00e0 sa commande sur le site. Elles pr\u00e9vaudront, le cas \u00e9ch\u00e9ant, sur tout document contradictoire et toutes autres conditions n&#8217;engageraient Sacatou qu&#8217;apr\u00e8s confirmation \u00e9crite de sa part.<\/span><\/p>\n<p class=\"p1\"><span class=\"s1\">Ces conditions g\u00e9n\u00e9rales de vente \u00e9tant susceptibles d&#8217;\u00eatre modifi\u00e9es \u00e0 tout moment et sans pr\u00e9avis, les conditions applicables sont celles en vigueur sur le site \u00e0 la date de la commande.<\/span><\/p>\n<p class=\"p1\"><span class=\"s1\">Le Client, pr\u00e9alablement \u00e0 sa commande, d\u00e9clare \u00eatre \u00e2g\u00e9 de 18 ans minimum ou bien \u00eatre en possession d&#8217;une autorisation parentale lui permettant d&#8217;effectuer librement des achats sur le site. Le client d\u00e9clare en outre avoir la pleine capacit\u00e9 juridique lui permettant de s&#8217;engager au titre des pr\u00e9sentes Conditions G\u00e9n\u00e9rales de Vente. Le client d\u00e9clare \u00e9galement \u00eatre inform\u00e9 que les pr\u00e9sentes conditions g\u00e9n\u00e9rales de vente ne requi\u00e8rent pas la signature manuscrite pour \u00eatre accept\u00e9es d\u00e8s lors qu&#8217;il a valid\u00e9 sa commande en ligne.<\/span><\/p>\n<p class=\"p1\"><span class=\"s1\">Les renseignements donn\u00e9s sur le pr\u00e9sent site Internet, ainsi que les produits dont la vente est mise en ligne, peuvent \u00eatre modifi\u00e9s par Sacatou sans pr\u00e9avis, \u00e9tant pr\u00e9cis\u00e9 que ces modifications ne s&#8217;appliqueront d\u00e8s lors qu&#8217;aux commandes post\u00e9rieures.<\/span><\/p>\n<p class=\"p1\"><span class=\"s1\">Dans le but d&#8217;am\u00e9liorer la qualit\u00e9 de nos produits, nous nous r\u00e9servons le droit de modifier, \u00e0 tout moment et sans pr\u00e9avis, les caract\u00e9ristiques techniques de nos articles. Pour l&#8217;ensemble des produits fabriqu\u00e9s, Sacatou est seul juge de la r\u00e9alisation dans les r\u00e8gles de l&#8217;art des produits command\u00e9s.<\/span><\/p>\n<p class=\"p1\"><span class=\"s1\">Les croquis, photos, textes, illustrations, l&#8217;exactitude des coloris, les accessoires et le coloris des accessoires figurant sur notre site Internet sont donn\u00e9s \u00e0 titre purement indicatif et ne sauraient en aucun cas \u00eatre consid\u00e9r\u00e9s comme contractuels. Par ailleurs, Sacatou ne pourra pas \u00eatre tenu responsable des erreurs typographiques figurant dans son site ind\u00e9pendamment de sa volont\u00e9.<\/span><\/p>\n<p class=\"p1\"><span class=\"s1\">Toute reproduction ou repr\u00e9sentation, m\u00eame partielle, par quelque proc\u00e9d\u00e9 que ce soit, des pages de notre site et faite sans l&#8217;autorisation de notre soci\u00e9t\u00e9 est illicite et constitue une contrefa\u00e7on.<\/span><\/p>\n<p class=\"p1\"><span class=\"s1\">Sacatou se r\u00e9serve express\u00e9ment le droit d&#8217;ajouter \u00e0 tout moment de nouveaux produits, de supprimer tout ou partie des produits commercialis\u00e9s dans le catalogue du pr\u00e9sent site, de modifier leur pr\u00e9sentation, les informations technico-commerciales ou cesser leur commercialisation sur son site sans aucun pr\u00e9avis.<\/span><\/p>\n<p class=\"p1\"><span class=\"s1\">Toutes les ventes de l&#8217;entreprise sont faites exclusivement aux pr\u00e9sentes conditions g\u00e9n\u00e9rales de ventes. Les renseignements figurant sur les plaquettes, prospectus ou autres documents techniques ou publications ont seulement valeur indicative.<\/span><\/p>\n<p class=\"p1\"><span class=\"s1\">Les pr\u00e9sentes conditions g\u00e9n\u00e9rales de vente sont uniquement \u00e9tablies en Fran\u00e7ais.<\/span><\/p>\n<p class=\"p1\"><span class=\"s1\">PASSAGE D\u2019UNE COMMANDE EN LIGNE<\/span><\/p>\n<p class=\"p1\"><span class=\"s1\">Vous commandez sur notre site, les produits d\u00e9sir\u00e9s qui se compl\u00e8tera au fur et \u00e0 mesure de vos achats. Vous validez le panier, apr\u00e8s vous \u00eatre assur\u00e9 qu\u2019il correspond bien \u00e0 votre attente. D\u00e8s r\u00e9ception de votre commande, une confirmation vous sera adress\u00e9e par mail. Le fait de passer une commande, implique l\u2019acceptation de l\u2019ensemble de nos conditions g\u00e9n\u00e9rales de vente.<\/span><\/p>\n<p class=\"p1\"><span class=\"s1\">FRAIS DE PORT<\/span><\/p>\n<p class=\"p1\"><span class=\"s1\">Pour la France M\u00e9tropolitaine, une participation forfaitaire fonction de poids est demand\u00e9e pour l\u2019exp\u00e9dition d\u2019une commande.<\/span><\/p>\n<p class=\"p1\"><span class=\"s1\">TVA<\/span><\/p>\n<p class=\"p1\"><span class=\"s1\">Tous nos prix sont nets \u00e0 l&#8217;unit\u00e9.<\/span><\/p>\n<p class=\"p1\"><span class=\"s1\">CONDITIONS DE LIVRAISON<\/span><\/p>\n<p class=\"p1\"><span class=\"s1\">L\u2019ensemble de nos produits \u00e9tant disponible, un d\u00e9lai de 48H \u00e0 72H (Hors week-end, jours f\u00e9ri\u00e9s, p\u00e9riodes de vacances) est n\u00e9cessaire pour acheminer votre commande \u00e0 votre domicile.<\/span><\/p>\n<p class=\"p1\"><span class=\"s1\">Votre colis sera livr\u00e9 par l&#8217;un de nos transporteurs (Colissimo) pr\u00e9sent\u00e9s sur le site.<\/span><\/p>\n<p class=\"p1\"><span class=\"s1\">Vos commandes valid\u00e9es avant 14 heures, du lundi au vendredi (hors jours f\u00e9ri\u00e9s), partiront\u00a0<\/span><span class=\"s1\">dans 48 heures et\u00a0<s>m\u00eame<\/s>\u00a0dans la limite des stocks disponibles.<\/span><\/p>\n<p class=\"p1\"><span class=\"s1\">Vos commandes valid\u00e9es le vendredi apr\u00e8s 14h00,\u00a0 le samedi et dimanche, partiront le lundi suivant dans la limite des stocks disponibles.<\/span><\/p>\n<p class=\"p1\"><span class=\"s1\">Apr\u00e8s toute commande, le client re\u00e7oit un num\u00e9ro de suivi de colis adress\u00e9 par mail. Le client est ensuite livr\u00e9 \u00e0 son domicile ou en point relais et signe le bordereau pr\u00e9sent\u00e9 par le livreur. Tout probl\u00e8me devra \u00eatre signal\u00e9 au livreur, en cas d&#8217;anomalie le client \u00e9mettra une r\u00e9serve sur le bon de livraison.<\/span><\/p>\n<p class=\"p1\"><span class=\"s1\">Sans le respect de cette obligation client, aucune proc\u00e9dure de pourra \u00eatre prise en compte.<\/span><\/p>\n<p class=\"p1\"><span class=\"s1\">Pour tout litige concernant un probl\u00e8me de livraison, nous d\u00e9clinons toute responsabilit\u00e9.<\/span><\/p>\n<p class=\"p1\"><span class=\"s1\">Merci de contacter le transporteur choisi lors de votre commande<\/span><\/p>\n<p class=\"p1\"><span class=\"s1\">MODE DE REGLEMENT<\/span><\/p>\n<p class=\"p1\"><span class=\"s1\">La commande ne sera exp\u00e9di\u00e9e qu\u2019apr\u00e8s r\u00e9ception compl\u00e8te du r\u00e8glement.<\/span><\/p>\n<p class=\"p1\"><span class=\"s1\">Vous pouvez r\u00e9gler votre commande par carte bancaire gr\u00e2ce \u00e0 notre syst\u00e8me s\u00e9curis\u00e9 (la livraison se fera qu\u2019apr\u00e8s validation du moyen de paiement par carte bancaire en ligne), les donn\u00e9es relatives \u00e0 la carte bancaire ne sont conserv\u00e9es que pendant le temps de traitement de la commande.<\/span><\/p>\n<p class=\"p1\"><span class=\"s1\">Le client b\u00e9n\u00e9ficie d&#8217;un droit de r\u00e9tractation de 14 jours ouvr\u00e9s ( Loi L 121.18 ) apr\u00e8s avoir re\u00e7u sa commande pour une demande de remboursement sous 2 conditions :<\/span><\/p>\n<p class=\"p1\"><span class=\"s1\">&#8211; les produits ne doivent pas avoir \u00e9t\u00e9 utilis\u00e9s<\/span><\/p>\n<p class=\"p1\"><span class=\"s1\">&#8211; les emballages doivent \u00eatre propre et intacts<\/span><\/p>\n<p class=\"p1\"><span class=\"s1\">Seul le remboursement du montant des produits sera effectu\u00e9 apr\u00e8s r\u00e9ception du colis.<\/span><\/p>\n<p class=\"p1\"><span class=\"s1\">Les frais de port pour la r\u00e9exp\u00e9dition sont \u00e0 la charge du client.<\/span><\/p>\n<p class=\"p1\"><span class=\"s1\">Sacatou, se r\u00e9serve le droit de refuser un remboursement si l&#8217;une des 2 conditions ci-dessus n&#8217;\u00e9taient pas respect\u00e9es.<\/span><\/p>\n<p class=\"p1\"><span class=\"s1\">LOI INFORMATIQUE ET LIBERTES<\/span><\/p>\n<p class=\"p1\"><span class=\"s1\">En application de la loi n\u00b078-17 du 6 janvier 1978 modifi\u00e9e, relative \u00e0 l&#8217;informatique, les traitements automatis\u00e9s de donn\u00e9es nominatives r\u00e9alis\u00e9s \u00e0 partir des sites web de Virtual Tech ont \u00e9t\u00e9 trait\u00e9s en conformit\u00e9 avec les exigences de la loi n\u00b078-17 du 6 janvier 1978 modifi\u00e9e, relative \u00e0 l&#8217;informatique, aux fichiers et aux libert\u00e9s.<\/span><\/p>\n<p class=\"p1\"><span class=\"s1\">L&#8217;utilisateur est notamment inform\u00e9 que conform\u00e9ment \u00e0 l&#8217;article 32 de la loi n\u00b078-17 du 6 janvier 1978 modifi\u00e9e, relative \u00e0 l&#8217;informatique, aux fichiers et aux libert\u00e9s, les informations qu&#8217;il communique par le biais des formulaires pr\u00e9sents sur le site sont n\u00e9cessaires pour r\u00e9pondre \u00e0 sa demande et sont destin\u00e9es \u00e0 Sacatou, en tant que responsable du traitement \u00e0 des fins de gestion administrative et commerciale.<\/span><\/p>\n<p class=\"p1\"><span class=\"s1\">L&#8217;utilisateur est inform\u00e9 qu&#8217;il dispose d&#8217;un droit d&#8217;acc\u00e8s, d&#8217;interrogation et de rectification qui lui permet, le cas \u00e9ch\u00e9ant, de faire rectifier, compl\u00e9ter, mettre \u00e0 jour, verrouiller ou effacer les donn\u00e9es personnelles le concernant qui sont inexactes, incompl\u00e8tes, \u00e9quivoques, p\u00e9rim\u00e9es ou dont la collecte, l&#8217;utilisation, la communication ou la conservation est interdite.<\/span><\/p>\n<p class=\"p1\"><span class=\"s1\">L&#8217;utilisateur dispose \u00e9galement d&#8217;un droit d&#8217;opposition au traitement de ses donn\u00e9es pour des motifs l\u00e9gitimes ainsi qu&#8217;un droit d&#8217;opposition \u00e0 ce que ces donn\u00e9es soient utilis\u00e9es \u00e0 des fins de prospection commerciale.<\/span><\/p>\n<p class=\"p1\"><span class=\"s1\">L&#8217;ensemble de ces droits s&#8217;exerce aupr\u00e8s de Sacatou par courrier accompagn\u00e9 d&#8217;une copie d&#8217;un titre d&#8217;identit\u00e9 comportant une signature \u00e0 adresser \u00e0 :<\/span><\/p>\n<p class=\"p1\"><span class=\"s1\">Sacatou<br \/>\n<\/span>26, LIEU DIT LA BOCQUETTERIE<\/p>\n<p>T\u00e9l : 0033 676314398<\/p>\n<p class=\"p1\"><span class=\"s1\">D\u00e9lai de r\u00e9tractation<\/span><\/p>\n<p class=\"p4\"><span class=\"s1\">Conform\u00e9ment aux dispositions de l\u2019article 121-20 du code de la consommation, le client dispose, \u00e0 compter de la livraison, d\u2019un d\u00e9lai de 14 jour franc pour retourner le colis dans son emballage d\u2019origine, non ouvert et dans un \u00e9tat parfait, aux fins d\u2019\u00e9change ou de remboursement, les frais de retour \u00e9tant \u00e0 la charge du client.<\/span><\/p>\n<p>[\/vc_column_text][\/vc_column][\/vc_row]<\/p>\n<\/section>","protected":false},"excerpt":{"rendered":"<p>[vc_row][vc_column][vc_empty_space height=&#8221;60px&#8221;][\/vc_column][\/vc_row][vc_row][vc_column][vc_custom_heading text=&#8221;CGV&#8221; font_container=&#8221;tag:h4|text_align:center|color:%23cf810c&#8221; google_fonts=&#8221;font_family:Playfair%20Display%3Aregular%2Citalic%2C700%2C700italic%2C900%2C900italic|font_style:400%20regular%3A400%3Anormal&#8221;][vc_empty_space height=&#8221;40px&#8221;][\/vc_column][\/vc_row][vc_row][vc_column][vc_empty_space height=&#8221;30px&#8221;][vc_separator color=&#8221;custom&#8221; el_width=&#8221;50&#8243; css_animation=&#8221;fadeInRightBig&#8221; accent_color=&#8221;#dd9933&#8243;][vc_empty_space height=&#8221;30px&#8221;][\/vc_column][\/vc_row][vc_row][vc_column][vc_column_text] GENERALITES Sacatou Siret :\u00a0792965014 TVA :\u00a0FR 25592965014 Code APE :\u00a015.12Z Pour toute assistance, merci de nous contacter: ARVANITIS ANGELIKI T\u00e9l:\u00a00033 676314398 DISPOSITIONS GENERALES Les pr\u00e9sentes conditions g\u00e9n\u00e9rales de vente s&#8217;appliquent de mani\u00e8re exclusive \u00e0 toute personne physique ou morale effectuant un achat par [&hellip;]<\/p>\n","protected":false},"author":1,"featured_media":0,"parent":0,"menu_order":0,"comment_status":"closed","ping_status":"closed","template":"page.php","meta":{"footnotes":""},"class_list":["post-1906","page","type-page","status-publish","hentry"],"translation":{"provider":"WPGlobus","version":"3.0.0","language":"gr","enabled_languages":["fr","gb","gr"],"languages":{"fr":{"title":true,"content":true,"excerpt":false},"gb":{"title":false,"content":false,"excerpt":false},"gr":{"title":false,"content":false,"excerpt":false}}},"_links":{"self":[{"href":"https:\/\/sacatou.fr\/gr\/wp-json\/wp\/v2\/pages\/1906","targetHints":{"allow":["GET"]}}],"collection":[{"href":"https:\/\/sacatou.fr\/gr\/wp-json\/wp\/v2\/pages"}],"about":[{"href":"https:\/\/sacatou.fr\/gr\/wp-json\/wp\/v2\/types\/page"}],"author":[{"embeddable":true,"href":"https:\/\/sacatou.fr\/gr\/wp-json\/wp\/v2\/users\/1"}],"replies":[{"embeddable":true,"href":"https:\/\/sacatou.fr\/gr\/wp-json\/wp\/v2\/comments?post=1906"}],"version-history":[{"count":1,"href":"https:\/\/sacatou.fr\/gr\/wp-json\/wp\/v2\/pages\/1906\/revisions"}],"predecessor-version":[{"id":1908,"href":"https:\/\/sacatou.fr\/gr\/wp-json\/wp\/v2\/pages\/1906\/revisions\/1908"}],"wp:attachment":[{"href":"https:\/\/sacatou.fr\/gr\/wp-json\/wp\/v2\/media?parent=1906"}],"curies":[{"name":"wp","href":"https:\/\/api.w.org\/{rel}","templated":true}]}}