{"id":1819,"date":"2023-12-20T15:56:54","date_gmt":"2023-12-20T14:56:54","guid":{"rendered":"https:\/\/sacatou.fr\/?page_id=1819"},"modified":"2023-12-20T15:56:54","modified_gmt":"2023-12-20T14:56:54","slug":"politique-confidentialite","status":"publish","type":"page","link":"https:\/\/sacatou.fr\/gr\/politique-confidentialite\/","title":{"rendered":"POLITIQUE CONFIDENTIALIT\u00c9"},"content":{"rendered":"<section class=\"wpb-content-wrapper\"><p>[vc_row][vc_column][vc_empty_space height=&#8221;60px&#8221;][\/vc_column][\/vc_row][vc_row][vc_column][vc_custom_heading text=&#8221;POLITIQUE CONFIDENTIALIT\u00c9&#8221; font_container=&#8221;tag:h4|text_align:center|color:%23cf810c&#8221; google_fonts=&#8221;font_family:Playfair%20Display%3Aregular%2Citalic%2C700%2C700italic%2C900%2C900italic|font_style:400%20regular%3A400%3Anormal&#8221;][vc_empty_space height=&#8221;40px&#8221;][\/vc_column][\/vc_row][vc_row][vc_column][vc_empty_space height=&#8221;30px&#8221;][vc_separator color=&#8221;custom&#8221; el_width=&#8221;50&#8243; css_animation=&#8221;fadeInRightBig&#8221; accent_color=&#8221;#dd9933&#8243;][vc_empty_space height=&#8221;30px&#8221;][\/vc_column][\/vc_row][vc_row][vc_column][vc_column_text]<\/p>\n<p style=\"text-align: center;\">L\u2019\u00e9diteur du pr\u00e9sent site internet a pour principe et obligation de prot\u00e9ger la vie priv\u00e9e de tous ses utilisateurs. En effet, nous collectons des informations, incluant des donn\u00e9es personnelles, lorsque vous vous inscrivez ou naviguez sur le site. Egalement, lorsque vous nous envoyez des messages ou bien lorsque vous remplissez un formulaire sur le site. Ces informations et donn\u00e9es personnelles vous concernant, comprennent par exemple : votre nom, pr\u00e9nom, soci\u00e9t\u00e9, adresse postale, e-mail, num\u00e9ro de t\u00e9l\u00e9phone, ainsi que toute autre information personnellement identifiable.<\/p>\n<p style=\"text-align: center;\">Nous pouvons aussi recueillir et analyser certaines donn\u00e9es qui nous sont envoy\u00e9es automatiquement par l\u2019ordinateur et qui sont li\u00e9es \u00e0 l\u2019utilisation du site. Par exemple : le nom de domaine, le nombre de clics, les pages visit\u00e9es, les sites pr\u00e9c\u00e9dents\/ suivants visit\u00e9s ainsi que la dur\u00e9e de la session d\u2019utilisateur. Ces donn\u00e9es peuvent \u00eatre recueillies par le biais de cookies.<\/p>\n<p style=\"text-align: center;\">Dans tous les cas, nous ne louons, ni vendons pas vos donn\u00e9es personnelles \u00e0 des tierces parties. Ces derni\u00e8res servent exclusivement \u00e0 vous apporter les meilleurs r\u00e9ponses et services (devis, facturation, newsletter\u2026). Sachez que nous conservons les donn\u00e9es marketing 3 ans maximum et les donn\u00e9es li\u00e9es \u00e0 la facturation des commandes 6 ans maximum.<\/p>\n<p style=\"text-align: center;\">A tout moment, vous avez le droit de rectifier, modifier ou supprimer vos donn\u00e9es \u00e0 caract\u00e8re personnel. Pour cela, il vous suffit simplement de nous contacter en utilisant le formulaire de contact mis \u00e0 votre disposition sur ce site.<\/p>\n<h3 style=\"text-align: center;\">Gestion des cookies<\/h3>\n<p style=\"text-align: center;\">Lors de la consultation du pr\u00e9sent site, des cookies peuvent \u00eatre d\u00e9pos\u00e9s sur votre ordinateur, votre smartphone, votre tablette ou tout autre terminal utilis\u00e9. Sachez qu\u2019un cookie est un fichier texte d\u00e9pos\u00e9 sur votre appareil lors de la navigation sur un site ou bien lors de la consultation d\u2019une publicit\u00e9 en ligne. Ce dernier a pour but de collecter des informations relatives \u00e0 votre navigation afin de vous adresser des services mieux adapt\u00e9s. Les cookies sont g\u00e9r\u00e9s par votre navigateur internet (Microsoft Edge, Internet Explorer, Firefox, Google Chrome, Safari, Android Browser\u2026).<\/p>\n<p style=\"text-align: center;\">A tout moment, vous avez la possibilit\u00e9 de d\u00e9sactiver l\u2019utilisation de ces cookies. En effet, votre navigateur peut \u00eatre param\u00e9tr\u00e9 afin de vous signaler les cookies qui sont d\u00e9pos\u00e9s et de vous demander de les accepter ou non. Ainsi, vous avez le choix d\u2019accepter ou de refuser les cookies, au cas par cas, ou bien les refuser d\u00e9finitivement.<\/p>\n<p style=\"text-align: center;\">Attention : nous vous informons que ce param\u00e9trage est susceptible de modifier vos conditions d\u2019acc\u00e8s aux contenus et services de notre site n\u00e9cessitant l\u2019utilisation de cookies. N\u2019h\u00e9sitez-pas \u00e0 nous contacter si besoin. Une fois de plus, sachez que dans tous les cas, nous ne louons, ni vendons pas vos donn\u00e9es personnelles \u00e0 des tierces parties.<\/p>\n<h3 style=\"text-align: center;\">S\u00e9curisation de vos donn\u00e9es<\/h3>\n<p style=\"text-align: center;\">Nous mettons toutes les mesures de s\u00e9curit\u00e9 en place pour assurer la protection de vos donn\u00e9es, ainsi que la mani\u00e8re dont vous pouvez exercer votre droit de modification ou de suppression de ces donn\u00e9es.<\/p>\n<h3 style=\"text-align: center;\">Conditions inh\u00e9rentes \u00e0 l\u2019utilisation du site internet<\/h3>\n<p style=\"text-align: center;\">L\u2019\u00e9diteur du pr\u00e9sent site internet d\u00e9tient et exploite ce site. Son utilisation implique que vous en acceptez l\u2019ensemble des termes, conditions et notifications contenus et cit\u00e9s dans ce document (mentions l\u00e9gales\/conditions d\u2019utilisation). Ces derni\u00e8res ne s\u2019appliquent qu\u2019au pr\u00e9sent site et \u00e0 ses services, et en aucun cas \u00e0 un site tiers.<\/p>\n<p style=\"text-align: center;\">Dans le cas o\u00f9 vous n\u2019acceptez pas ces conditions, merci de ne pas utiliser ce site. Nous nous r\u00e9servons le droit, \u00e0 notre discr\u00e9tion, de mettre \u00e0 jour ou de modifier les mentions l\u00e9gales et conditions d\u2019utilisation. Par cons\u00e9quent, veuillez v\u00e9rifier r\u00e9guli\u00e8rement ces derni\u00e8res afin de savoir si elles ont \u00e9t\u00e9 modifi\u00e9es ou pas. Nous consid\u00e9rons que vous acceptez une modification des conditions d\u2019utilisation si vous continuez \u00e0 utiliser le site apr\u00e8s publication de cette modification.<\/p>\n<p style=\"text-align: center;\">Merci de votre compr\u00e9hension.<\/p>\n<p style=\"text-align: center;\">N\u2019h\u00e9sitez-pas \u00e0 nous contacter via notre formulaire pour plus d\u2019informations sur le sujet.<\/p>\n<p>[\/vc_column_text][\/vc_column][\/vc_row]<\/p>\n<\/section>","protected":false},"excerpt":{"rendered":"<p>[vc_row][vc_column][vc_empty_space height=&#8221;60px&#8221;][\/vc_column][\/vc_row][vc_row][vc_column][vc_custom_heading text=&#8221;POLITIQUE CONFIDENTIALIT\u00c9&#8221; font_container=&#8221;tag:h4|text_align:center|color:%23cf810c&#8221; google_fonts=&#8221;font_family:Playfair%20Display%3Aregular%2Citalic%2C700%2C700italic%2C900%2C900italic|font_style:400%20regular%3A400%3Anormal&#8221;][vc_empty_space height=&#8221;40px&#8221;][\/vc_column][\/vc_row][vc_row][vc_column][vc_empty_space height=&#8221;30px&#8221;][vc_separator color=&#8221;custom&#8221; el_width=&#8221;50&#8243; css_animation=&#8221;fadeInRightBig&#8221; accent_color=&#8221;#dd9933&#8243;][vc_empty_space height=&#8221;30px&#8221;][\/vc_column][\/vc_row][vc_row][vc_column][vc_column_text] L\u2019\u00e9diteur du pr\u00e9sent site internet a pour principe et obligation de prot\u00e9ger la vie priv\u00e9e de tous ses utilisateurs. En effet, nous collectons des informations, incluant des donn\u00e9es personnelles, lorsque vous vous inscrivez ou naviguez sur le site. Egalement, lorsque vous nous [&hellip;]<\/p>\n","protected":false},"author":1,"featured_media":0,"parent":0,"menu_order":0,"comment_status":"closed","ping_status":"closed","template":"page.php","meta":{"footnotes":""},"class_list":["post-1819","page","type-page","status-publish","hentry"],"translation":{"provider":"WPGlobus","version":"3.0.0","language":"gr","enabled_languages":["fr","gb","gr"],"languages":{"fr":{"title":true,"content":true,"excerpt":false},"gb":{"title":false,"content":false,"excerpt":false},"gr":{"title":false,"content":false,"excerpt":false}}},"_links":{"self":[{"href":"https:\/\/sacatou.fr\/gr\/wp-json\/wp\/v2\/pages\/1819","targetHints":{"allow":["GET"]}}],"collection":[{"href":"https:\/\/sacatou.fr\/gr\/wp-json\/wp\/v2\/pages"}],"about":[{"href":"https:\/\/sacatou.fr\/gr\/wp-json\/wp\/v2\/types\/page"}],"author":[{"embeddable":true,"href":"https:\/\/sacatou.fr\/gr\/wp-json\/wp\/v2\/users\/1"}],"replies":[{"embeddable":true,"href":"https:\/\/sacatou.fr\/gr\/wp-json\/wp\/v2\/comments?post=1819"}],"version-history":[{"count":1,"href":"https:\/\/sacatou.fr\/gr\/wp-json\/wp\/v2\/pages\/1819\/revisions"}],"predecessor-version":[{"id":1821,"href":"https:\/\/sacatou.fr\/gr\/wp-json\/wp\/v2\/pages\/1819\/revisions\/1821"}],"wp:attachment":[{"href":"https:\/\/sacatou.fr\/gr\/wp-json\/wp\/v2\/media?parent=1819"}],"curies":[{"name":"wp","href":"https:\/\/api.w.org\/{rel}","templated":true}]}}